{"id":21379,"date":"2021-05-05T12:04:13","date_gmt":"2021-05-05T12:04:13","guid":{"rendered":"https:\/\/ezenz.de\/wer-wir-sind\/"},"modified":"2023-07-03T17:10:21","modified_gmt":"2023-07-03T17:10:21","slug":"wer-wir-sind","status":"publish","type":"page","link":"https:\/\/ezenz.de\/de\/wer-wir-sind\/","title":{"rendered":"Wer wir sind"},"content":{"rendered":"\t\t<div data-elementor-type=\"wp-page\" data-elementor-id=\"21379\" class=\"elementor elementor-21379 elementor-3738\" data-elementor-post-type=\"page\">\n\t\t\t\t\t\t<div class=\"elementor-inner\">\n\t\t\t\t<div class=\"elementor-section-wrap\">\n\t\t\t\t\t\t\t\t\t<section class=\"elementor-section elementor-top-section elementor-element elementor-element-49da4f3 elementor-section-full_width elementor-section-height-default elementor-section-height-default sc_fly_static\" data-id=\"49da4f3\" data-element_type=\"section\" data-settings=\"{&quot;background_background&quot;:&quot;classic&quot;}\">\n\t\t\t\t\t\t<div class=\"elementor-container elementor-column-gap-no\">\n\t\t\t\t\t\t\t<div class=\"elementor-row\">\n\t\t\t\t\t<div class=\"elementor-column elementor-col-33 elementor-top-column elementor-element elementor-element-09ffb8c sc_inner_width_none sc_content_align_inherit sc_layouts_column_icons_position_left sc_fly_static\" data-id=\"09ffb8c\" data-element_type=\"column\">\n\t\t\t<div class=\"elementor-column-wrap elementor-element-populated\">\n\t\t\t\t\t\t\t<div class=\"elementor-widget-wrap\">\n\t\t\t\t\t\t<div class=\"elementor-element elementor-element-e1ac5f4 elementor-widget-mobile__width-initial elementor-widget-divider--view-line sc_fly_static elementor-widget elementor-widget-divider\" data-id=\"e1ac5f4\" data-element_type=\"widget\" data-widget_type=\"divider.default\">\n\t\t\t\t<div class=\"elementor-widget-container\">\n\t\t\t\t\t<div class=\"elementor-divider\">\n\t\t\t<span class=\"elementor-divider-separator\">\n\t\t\t\t\t\t<\/span>\n\t\t<\/div>\n\t\t\t\t<\/div>\n\t\t\t\t<\/div>\n\t\t\t\t\t\t<\/div>\n\t\t\t\t\t<\/div>\n\t\t<\/div>\n\t\t\t\t<div class=\"elementor-column elementor-col-33 elementor-top-column elementor-element elementor-element-e505001 sc_inner_width_none sc_content_align_inherit sc_layouts_column_icons_position_left sc_fly_static\" data-id=\"e505001\" data-element_type=\"column\">\n\t\t\t<div class=\"elementor-column-wrap elementor-element-populated\">\n\t\t\t\t\t\t\t<div class=\"elementor-widget-wrap\">\n\t\t\t\t\t\t<div class=\"elementor-element elementor-element-82b3eb0 elementor-widget__width-initial sc_fly_static elementor-widget elementor-widget-heading\" data-id=\"82b3eb0\" data-element_type=\"widget\" data-widget_type=\"heading.default\">\n\t\t\t\t<div class=\"elementor-widget-container\">\n\t\t\t<h2 class=\"elementor-heading-title elementor-size-default\">Einf\u00fchrung<\/h2>\t\t<\/div>\n\t\t\t\t<\/div>\n\t\t\t\t\t\t<\/div>\n\t\t\t\t\t<\/div>\n\t\t<\/div>\n\t\t\t\t<div class=\"elementor-column elementor-col-33 elementor-top-column elementor-element elementor-element-d51c3b6 sc_inner_width_none sc_content_align_inherit sc_layouts_column_icons_position_left sc_fly_static\" data-id=\"d51c3b6\" data-element_type=\"column\">\n\t\t\t<div class=\"elementor-column-wrap elementor-element-populated\">\n\t\t\t\t\t\t\t<div class=\"elementor-widget-wrap\">\n\t\t\t\t\t\t<div class=\"elementor-element elementor-element-876f4ba elementor-widget-mobile__width-initial elementor-widget-divider--view-line sc_fly_static elementor-widget elementor-widget-divider\" data-id=\"876f4ba\" data-element_type=\"widget\" data-widget_type=\"divider.default\">\n\t\t\t\t<div class=\"elementor-widget-container\">\n\t\t\t\t\t<div class=\"elementor-divider\">\n\t\t\t<span class=\"elementor-divider-separator\">\n\t\t\t\t\t\t<\/span>\n\t\t<\/div>\n\t\t\t\t<\/div>\n\t\t\t\t<\/div>\n\t\t\t\t\t\t<\/div>\n\t\t\t\t\t<\/div>\n\t\t<\/div>\n\t\t\t\t\t\t\t\t<\/div>\n\t\t\t\t\t<\/div>\n\t\t<\/section>\n\t\t\t\t<section class=\"elementor-section elementor-top-section elementor-element elementor-element-d8883e3 elementor-section-stretched scheme_default elementor-section-boxed elementor-section-height-default elementor-section-height-default sc_fly_static\" data-id=\"d8883e3\" data-element_type=\"section\" data-settings=\"{&quot;stretch_section&quot;:&quot;section-stretched&quot;,&quot;background_background&quot;:&quot;classic&quot;}\">\n\t\t\t\t\t\t<div class=\"elementor-container elementor-column-gap-extended\">\n\t\t\t\t\t\t\t<div class=\"elementor-row\">\n\t\t\t\t\t<div class=\"elementor-column elementor-col-100 elementor-top-column elementor-element elementor-element-94bad46 sc_inner_width_none sc_content_align_inherit sc_layouts_column_icons_position_left sc_fly_static\" data-id=\"94bad46\" data-element_type=\"column\">\n\t\t\t<div class=\"elementor-column-wrap elementor-element-populated\">\n\t\t\t\t\t\t\t<div class=\"elementor-widget-wrap\">\n\t\t\t\t\t\t<div class=\"elementor-element elementor-element-c4fc43d sc_fly_static elementor-widget elementor-widget-text-editor\" data-id=\"c4fc43d\" data-element_type=\"widget\" data-widget_type=\"text-editor.default\">\n\t\t\t\t<div class=\"elementor-widget-container\">\n\t\t\t\t\t\t\t\t<div class=\"elementor-text-editor elementor-clearfix\">\n\t\t\t\t<p>Willkommen bei Ezenz, einer gemeinn\u00fctzigen Organisation mit Sitz in Deutschland, die sich der F\u00f6rderung und Verbesserung des deutsch-indischen soziokulturellen Dialogs widmet. Seit 2023 fungiert Ezenz als Katalysator f\u00fcr die F\u00f6rderung indischer kultureller Aktivit\u00e4ten, um das Verst\u00e4ndnis beider Kulturen zu bereichern.<\/p>\n<p>Ziel ist es, Inklusion und Zusammenhalt in der Bev\u00f6lkerung zu schaffen. Unsere Aktivit\u00e4ten reichen von Bildungsma\u00dfnahmen \u00fcber kulturelle Workshops, den Austausch zwischen Akademikern und Intellektuellen bis hin zur Ver\u00f6ffentlichung von Stellungnahmen. Wir f\u00f6rdern auch Studien, Forschungsarbeiten und Analysen zu relevanten Themen. Dies f\u00f6rdert das Verst\u00e4ndnis zwischen den Gemeinschaften und erm\u00f6glicht gegenseitigen Respekt und tiefere Wertsch\u00e4tzung.<\/p>\n<p>Begleiten Sie uns auf unserem Weg, eine lebendige und integrative Gesellschaft zu schaffen, in der Menschen mit unterschiedlichstem Hintergrund gedeihen und zum Reichtum unserer gemeinsamen Gemeinschaft beitragen k\u00f6nnen.<\/p>\n<p>Auf unserer Website erfahren Sie mehr \u00fcber unsere Aktivit\u00e4ten und Veranstaltungen und k\u00f6nnen sich an unseren Bem\u00fchungen beteiligen.<\/p>\n\t\t\t\t\t<\/div>\n\t\t\t\t\t\t<\/div>\n\t\t\t\t<\/div>\n\t\t\t\t<div class=\"elementor-element elementor-element-e9ee8df sc_height_huge sc_fly_static elementor-widget elementor-widget-spacer\" data-id=\"e9ee8df\" data-element_type=\"widget\" data-widget_type=\"spacer.default\">\n\t\t\t\t<div class=\"elementor-widget-container\">\n\t\t\t\t\t<div class=\"elementor-spacer\">\n\t\t\t<div class=\"elementor-spacer-inner\"><\/div>\n\t\t<\/div>\n\t\t\t\t<\/div>\n\t\t\t\t<\/div>\n\t\t\t\t\t\t<\/div>\n\t\t\t\t\t<\/div>\n\t\t<\/div>\n\t\t\t\t\t\t\t\t<\/div>\n\t\t\t\t\t<\/div>\n\t\t<\/section>\n\t\t\t\t<section class=\"elementor-section elementor-top-section elementor-element elementor-element-e978a6f elementor-section-full_width elementor-section-height-default elementor-section-height-default sc_fly_static\" data-id=\"e978a6f\" data-element_type=\"section\">\n\t\t\t\t\t\t<div class=\"elementor-container elementor-column-gap-no\">\n\t\t\t\t\t\t\t<div class=\"elementor-row\">\n\t\t\t\t\t<div class=\"elementor-column elementor-col-100 elementor-top-column elementor-element elementor-element-4a83e2d sc_inner_width_none sc_content_align_inherit sc_layouts_column_icons_position_left sc_fly_static\" data-id=\"4a83e2d\" data-element_type=\"column\">\n\t\t\t<div class=\"elementor-column-wrap elementor-element-populated\">\n\t\t\t\t\t\t\t<div class=\"elementor-widget-wrap\">\n\t\t\t\t\t\t<div class=\"elementor-element elementor-element-6ce50b9 sc_fly_static elementor-widget elementor-widget-trx_sc_services\" data-id=\"6ce50b9\" data-element_type=\"widget\" data-widget_type=\"trx_sc_services.default\">\n\t\t\t\t<div class=\"elementor-widget-container\">\n\t\t\t<div class=\"sc_services color_style_dark sc_services_cool sc_services_featured_top\"><div class=\"sc_services_columns_wrap sc_item_columns sc_item_posts_container sc_item_columns_3 trx_addons_columns_wrap columns_padding_bottom columns_in_single_row\"><div class=\"trx_addons_column-1_3 trx_addons_column-1_2-mobile\"><div data-post-id=\"21415\" class=\"sc_services_item sc_item_container post_container with_content with_more with_image sc_services_item_featured_none post-21415 cpt_services type-cpt_services status-publish has-post-thumbnail hentry cpt_services_group-entspannen-sie-sich\">\r\n\t\t<div class=\"sc_services_item_content \" style=\"background-image: url(https:\/\/ezenz.de\/wp-content\/uploads\/2020\/04\/5803449-840x840.jpg);\">\r\n\t\t\t\t<div class=\"sc_services_item_content_inner\"><div class=\"sc_services_item_content_inner_bottom\">\r\n                <h6 class=\"sc_services_item_title\"><a href=\"https:\/\/ezenz.de\/de\/services\/unsere-vision\/\">Unsere Vision<\/a><\/h6>\r\n                <div class=\"sc_services_item_text\"><p>F\u00f6rderung interkultureller Einsichten zur Verbesserung des gegenseitigen Respekts<\/p>\n<\/div><div class=\"sc_services_item_button sc_item_button\">\r\n                    <a href=\"https:\/\/ezenz.de\/de\/services\/unsere-vision\/\" class=\"sc_services_item_more_link\">\r\n                        <span class=\"link_text\">Mehr lesen<\/span><span class=\"link_icon\"><\/span>\r\n                    <\/a>\r\n                    <\/div><\/div><\/div><a class=\"sc_services_item_link\" href=\"https:\/\/ezenz.de\/de\/services\/unsere-vision\/\"><\/a><\/div><\/div><\/div><div class=\"trx_addons_column-1_3 trx_addons_column-1_2-mobile\"><div data-post-id=\"21416\" class=\"sc_services_item sc_item_container post_container with_content with_more with_image sc_services_item_featured_none post-21416 cpt_services type-cpt_services status-publish has-post-thumbnail hentry cpt_services_group-entspannen-sie-sich\">\r\n\t\t<div class=\"sc_services_item_content \" style=\"background-image: url(https:\/\/ezenz.de\/wp-content\/uploads\/2020\/04\/mission.jpg);\">\r\n\t\t\t\t<div class=\"sc_services_item_content_inner\"><div class=\"sc_services_item_content_inner_bottom\">\r\n                <h6 class=\"sc_services_item_title\"><a href=\"https:\/\/ezenz.de\/de\/services\/unser-auftrag\/\">Unser Auftrag<\/a><\/h6>\r\n                <div class=\"sc_services_item_text\"><p>Unsere Aufgabe ist es, als Katalysator zu dienen und indische kulturelle Aktivit\u00e4ten zu f\u00f6rdern, um das Verst\u00e4ndnis zwischen beiden Kulturen zu bereichern.<\/p>\n<\/div><div class=\"sc_services_item_button sc_item_button\">\r\n                    <a href=\"https:\/\/ezenz.de\/de\/services\/unser-auftrag\/\" class=\"sc_services_item_more_link\">\r\n                        <span class=\"link_text\">Mehr lesen<\/span><span class=\"link_icon\"><\/span>\r\n                    <\/a>\r\n                    <\/div><\/div><\/div><a class=\"sc_services_item_link\" href=\"https:\/\/ezenz.de\/de\/services\/unser-auftrag\/\"><\/a><\/div><\/div><\/div><div class=\"trx_addons_column-1_3 trx_addons_column-1_2-mobile\"><div data-post-id=\"21417\" class=\"sc_services_item sc_item_container post_container with_content with_more with_image sc_services_item_featured_none post-21417 cpt_services type-cpt_services status-publish has-post-thumbnail hentry cpt_services_group-entspannen-sie-sich\">\r\n\t\t<div class=\"sc_services_item_content \" style=\"background-image: url(https:\/\/ezenz.de\/wp-content\/uploads\/2020\/04\/6876640-840x840.jpg);\">\r\n\t\t\t\t<div class=\"sc_services_item_content_inner\"><div class=\"sc_services_item_content_inner_bottom\">\r\n                <h6 class=\"sc_services_item_title\"><a href=\"https:\/\/ezenz.de\/de\/services\/unsere-werte\/\">Unsere Werte<\/a><\/h6>\r\n                <div class=\"sc_services_item_text\"><\/div><div class=\"sc_services_item_button sc_item_button\">\r\n                    <a href=\"https:\/\/ezenz.de\/de\/services\/unsere-werte\/\" class=\"sc_services_item_more_link\">\r\n                        <span class=\"link_text\">Mehr lesen<\/span><span class=\"link_icon\"><\/span>\r\n                    <\/a>\r\n                    <\/div><\/div><\/div><a class=\"sc_services_item_link\" href=\"https:\/\/ezenz.de\/de\/services\/unsere-werte\/\"><\/a><\/div><\/div><\/div><\/div><\/div>\t\t<\/div>\n\t\t\t\t<\/div>\n\t\t\t\t\t\t<\/div>\n\t\t\t\t\t<\/div>\n\t\t<\/div>\n\t\t\t\t\t\t\t\t<\/div>\n\t\t\t\t\t<\/div>\n\t\t<\/section>\n\t\t\t\t\t\t\t\t\t<\/div>\n\t\t\t<\/div>\n\t\t\t\t\t<\/div>\n\t\t","protected":false},"excerpt":{"rendered":"<p>Einf\u00fchrung Willkommen bei Ezenz, einer gemeinn\u00fctzigen Organisation mit Sitz in Deutschland, die sich der F\u00f6rderung und Verbesserung des deutsch-indischen soziokulturellen Dialogs widmet. Seit 2023 fungiert Ezenz als Katalysator f\u00fcr die&hellip;<\/p>\n","protected":false},"author":1,"featured_media":0,"parent":0,"menu_order":0,"comment_status":"closed","ping_status":"closed","template":"","meta":{"footnotes":""},"class_list":["post-21379","page","type-page","status-publish","hentry"],"_links":{"self":[{"href":"https:\/\/ezenz.de\/de\/wp-json\/wp\/v2\/pages\/21379","targetHints":{"allow":["GET"]}}],"collection":[{"href":"https:\/\/ezenz.de\/de\/wp-json\/wp\/v2\/pages"}],"about":[{"href":"https:\/\/ezenz.de\/de\/wp-json\/wp\/v2\/types\/page"}],"author":[{"embeddable":true,"href":"https:\/\/ezenz.de\/de\/wp-json\/wp\/v2\/users\/1"}],"replies":[{"embeddable":true,"href":"https:\/\/ezenz.de\/de\/wp-json\/wp\/v2\/comments?post=21379"}],"version-history":[{"count":10,"href":"https:\/\/ezenz.de\/de\/wp-json\/wp\/v2\/pages\/21379\/revisions"}],"predecessor-version":[{"id":21995,"href":"https:\/\/ezenz.de\/de\/wp-json\/wp\/v2\/pages\/21379\/revisions\/21995"}],"wp:attachment":[{"href":"https:\/\/ezenz.de\/de\/wp-json\/wp\/v2\/media?parent=21379"}],"curies":[{"name":"wp","href":"https:\/\/api.w.org\/{rel}","templated":true}]}}